{"id":31,"date":"2017-09-10T22:15:47","date_gmt":"2017-09-10T20:15:47","guid":{"rendered":"https:\/\/www.reduca.cz\/wp-blog\/?page_id=31"},"modified":"2022-07-05T13:43:51","modified_gmt":"2022-07-05T11:43:51","slug":"about","status":"publish","type":"page","link":"https:\/\/www.reduca.cz\/blog\/about\/","title":{"rendered":"O mn\u011b"},"content":{"rendered":"<p>Jmenuji se <a href=\"https:\/\/www.linkedin.com\/in\/martinak1\/\" target=\"_blank\" rel=\"noopener\">Martina Sumbalov\u00e1<\/a>. Vystudovala jsem informatiku, psychologii a&nbsp;\u017eurnalistiku. Za sv\u016fj \u017eivot jsem vyzkou\u0161ela spoustu \u010dinnost\u00ed &#8211; byla jsem \u0161\u00e9fredaktorkou \u0161koln\u00edho \u010dasopisu, redaktorkou internetov\u00e9ho magaz\u00ednu, \u010dlenkou n\u011bkolika p\u011bveck\u00fdch sbor\u016f, aktivn\u00edm ka\u010derem v&nbsp;Geocachingu, hr\u00e1\u010dkou na klav\u00edr, kytaru a&nbsp;fl\u00e9tnu, b\u00e1sni\u010dk\u00e1\u0159kou, po\u0161\u0165a\u010dkou, ukl\u00edze\u010dkou, studentkou, here\u010dkou, st\u0159iha\u010dkou vide\u00ed, fotografkou.<\/p>\n<p>Nyn\u00ed jsem p\u0159edev\u0161\u00edm <strong>matka a&nbsp;program\u00e1torka<\/strong>. K&nbsp;ekologii m\u011b to t\u00e1hne u\u017e od puberty, ale teprve narozen\u00ed m\u00e9ho syna mi pomohlo l\u00e9pe si uv\u011bdomit souvislosti, skute\u010dn\u011b se zamyslet nad t\u00edm, co po&nbsp;sob\u011b zanech\u00e1v\u00e1me, a&nbsp;zastavit se, abych mohla ud\u011blat prvn\u00ed kroky ke&nbsp;zm\u011bn\u011b. Spojila jsem tedy sv\u00e9 dosavadn\u00ed role do jedn\u00e9 jedin\u00e9 a&nbsp;mapuji svou cestu za redukc\u00ed odpadu v&nbsp;na\u0161\u00ed dom\u00e1cnosti jak prost\u0159ednictv\u00edm blogu, tak <a href=\"https:\/\/www.reduca.cz\/bezodpadova-mapa\">bezodpadov\u00e9 mapy<\/a>.<\/p>\n<h2>Chcete m\u011b kontaktovat?<\/h2>\n<p style=\"color: red;\"><strong>POZOR! St\u00e1v\u00e1 se, \u017ee e-mail ode m\u011b skon\u010d\u00ed ve&nbsp;spamu. Pokud chcete m\u00edt jistotu, \u017ee V\u00e1m p\u0159ijde m\u00e1 odpov\u011b\u010f, p\u0159idejte si e-mail info@reduca.cz do d\u016fv\u011bryhodn\u00fdch e-mail\u016f anebo kontrolujte slo\u017eku Spamu. D\u011bkuji za pochopen\u00ed.<\/strong><\/p>\n<p>&nbsp;<\/p>\n<div id='contact-form-31'>\n<form action='https:\/\/www.reduca.cz\/blog\/about\/#contact-form-31' method='post' class='contact-form commentsblock'>\n<script>\n\t\t\t( function () {\n\t\t\t\tconst contact_forms = document.getElementsByClassName('contact-form');\n\n\t\t\t\tfor ( const form of contact_forms ) {\n\t\t\t\t\tform.onsubmit = function() {\n\t\t\t\t\t\tconst buttons = form.getElementsByTagName('button');\n\n\t\t\t\t\t\tfor( const button of buttons ) {\n\t\t\t\t\t\t\tbutton.setAttribute('disabled', true);\n\t\t\t\t\t\t}\n\t\t\t\t\t}\n\t\t\t\t}\n\t\t\t} )();\n\t\t<\/script>\n<div class='grunion-field-wrap grunion-field-name-wrap'  >\n<label\n\t\t\t\tfor='g31-jmno'\n\t\t\t\tclass='grunion-field-label name'\n\t\t\t\t>Jm\u00e9no<span>(required)<\/span><\/label>\n<input\n\t\t\t\t\ttype='text'\n\t\t\t\t\tname='g31-jmno'\n\t\t\t\t\tid='g31-jmno'\n\t\t\t\t\tvalue=''\n\t\t\t\t\tclass='name' \n\t\t\t\t\trequired aria-required='true'\n\t\t\t\t\/>\n\t<\/div>\n\n<div class='grunion-field-wrap grunion-field-email-wrap'  >\n<label\n\t\t\t\tfor='g31-emailovadresa'\n\t\t\t\tclass='grunion-field-label email'\n\t\t\t\t>Emailov\u00e1 adresa<span>(required)<\/span><\/label>\n<input\n\t\t\t\t\ttype='email'\n\t\t\t\t\tname='g31-emailovadresa'\n\t\t\t\t\tid='g31-emailovadresa'\n\t\t\t\t\tvalue=''\n\t\t\t\t\tclass='email' \n\t\t\t\t\trequired aria-required='true'\n\t\t\t\t\/>\n\t<\/div>\n\n<div class='grunion-field-wrap grunion-field-url-wrap'  >\n<label\n\t\t\t\tfor='g31-webovstrnka'\n\t\t\t\tclass='grunion-field-label url'\n\t\t\t\t>Webov\u00e1 str\u00e1nka<\/label>\n<input\n\t\t\t\t\ttype='url'\n\t\t\t\t\tname='g31-webovstrnka'\n\t\t\t\t\tid='g31-webovstrnka'\n\t\t\t\t\tvalue=''\n\t\t\t\t\tclass='url' \n\t\t\t\t\t\n\t\t\t\t\/>\n\t<\/div>\n\n<div class='grunion-field-wrap grunion-field-subject-wrap'  >\n<label\n\t\t\t\tfor='g31-pedmt'\n\t\t\t\tclass='grunion-field-label subject'\n\t\t\t\t>P\u0159edm\u011bt<\/label>\n<input\n\t\t\t\t\ttype='text'\n\t\t\t\t\tname='g31-pedmt'\n\t\t\t\t\tid='g31-pedmt'\n\t\t\t\t\tvalue='Dotaz z webu'\n\t\t\t\t\tclass='subject' \n\t\t\t\t\t\n\t\t\t\t\/>\n\t<\/div>\n\n<div class='grunion-field-wrap grunion-field-textarea-wrap'  >\n<label\n\t\t\t\tfor='contact-form-comment-g31-zprva'\n\t\t\t\tclass='grunion-field-label textarea'\n\t\t\t\t>Zpr\u00e1va<span>(required)<\/span><\/label>\n<textarea\n\t\t                name='g31-zprva'\n\t\t                id='contact-form-comment-g31-zprva'\n\t\t                rows='20' class='textarea'  required aria-required='true'><\/textarea>\n\t<\/div>\n\t<p class='contact-submit'>\n\t\t<button type='submit' class='pushbutton-wide'>Submit<\/button>\t\t<input type='hidden' name='contact-form-id' value='31' \/>\n\t\t<input type='hidden' name='action' value='grunion-contact-form' \/>\n\t\t<input type='hidden' name='contact-form-hash' value='eb9bfa8706af326a86e07177d727573b0ece9f5e' \/>\n\t<\/p>\n<\/form>\n<\/div>\n","protected":false},"excerpt":{"rendered":"<p>Jmenuji se Martina Sumbalov\u00e1. Vystudovala jsem informatiku, psychologii a&nbsp;\u017eurnalistiku. Za sv\u016fj \u017eivot jsem vyzkou\u0161ela spoustu \u010dinnost\u00ed &#8211; byla jsem \u0161\u00e9fredaktorkou \u0161koln\u00edho \u010dasopisu, redaktorkou internetov\u00e9ho magaz\u00ednu, \u010dlenkou n\u011bkolika p\u011bveck\u00fdch sbor\u016f, aktivn\u00edm ka\u010derem v&nbsp;Geocachingu, hr\u00e1\u010dkou na klav\u00edr, kytaru a&nbsp;fl\u00e9tnu, b\u00e1sni\u010dk\u00e1\u0159kou, po\u0161\u0165a\u010dkou, ukl\u00edze\u010dkou, studentkou, here\u010dkou, st\u0159iha\u010dkou vide\u00ed, fotografkou. Nyn\u00ed jsem p\u0159edev\u0161\u00edm matka a&nbsp;program\u00e1torka. K&nbsp;ekologii m\u011b to t\u00e1hne u\u017e [&hellip;]<\/p>\n","protected":false},"author":1,"featured_media":1997,"parent":0,"menu_order":0,"comment_status":"closed","ping_status":"closed","template":"","meta":{"_monsterinsights_skip_tracking":false,"_monsterinsights_sitenote_active":false,"_monsterinsights_sitenote_note":"","_monsterinsights_sitenote_category":0,"jetpack_post_was_ever_published":false,"footnotes":"","_links_to":"","_links_to_target":""},"jetpack_sharing_enabled":false,"jetpack_shortlink":"https:\/\/wp.me\/P9d4BP-v","jetpack_likes_enabled":true,"jetpack-related-posts":[{"id":2599,"url":"https:\/\/www.reduca.cz\/blog\/akce\/","url_meta":{"origin":31,"position":0},"title":"Akce","date":"27. 11. 2019","format":false,"excerpt":"Chcete se dozv\u011bd\u011bt o bezodpadov\u00e9m \u017eivot\u011b v\u00edce? Chcete se se mnou vid\u011bt na\u017eivo? Zde je seznam akc\u00ed, kde se m\u016f\u017eeme potkat. A pokud jste nena\u0161li va\u0161e m\u011bsto, pozv\u011bte m\u011b k v\u00e1m. Moment\u00e1ln\u011b nejsou v pl\u00e1nu \u017e\u00e1dn\u00e9 akce.","rel":"","context":"Similar post","img":{"alt_text":"","src":"https:\/\/i0.wp.com\/www.reduca.cz\/blog\/wp-content\/uploads\/2019\/11\/cal.jpg?fit=730%2C469&ssl=1&resize=350%2C200","width":350,"height":200},"classes":[]}],"_links":{"self":[{"href":"https:\/\/www.reduca.cz\/blog\/wp-json\/wp\/v2\/pages\/31"}],"collection":[{"href":"https:\/\/www.reduca.cz\/blog\/wp-json\/wp\/v2\/pages"}],"about":[{"href":"https:\/\/www.reduca.cz\/blog\/wp-json\/wp\/v2\/types\/page"}],"author":[{"embeddable":true,"href":"https:\/\/www.reduca.cz\/blog\/wp-json\/wp\/v2\/users\/1"}],"replies":[{"embeddable":true,"href":"https:\/\/www.reduca.cz\/blog\/wp-json\/wp\/v2\/comments?post=31"}],"version-history":[{"count":17,"href":"https:\/\/www.reduca.cz\/blog\/wp-json\/wp\/v2\/pages\/31\/revisions"}],"predecessor-version":[{"id":2791,"href":"https:\/\/www.reduca.cz\/blog\/wp-json\/wp\/v2\/pages\/31\/revisions\/2791"}],"wp:featuredmedia":[{"embeddable":true,"href":"https:\/\/www.reduca.cz\/blog\/wp-json\/wp\/v2\/media\/1997"}],"wp:attachment":[{"href":"https:\/\/www.reduca.cz\/blog\/wp-json\/wp\/v2\/media?parent=31"}],"curies":[{"name":"wp","href":"https:\/\/api.w.org\/{rel}","templated":true}]}}